{"id":15381,"date":"2022-03-02T15:44:52","date_gmt":"2022-03-02T15:44:52","guid":{"rendered":"https:\/\/olcabcnserveis.com\/product\/capsula-profesional-descafeinado\/"},"modified":"2022-04-19T15:11:50","modified_gmt":"2022-04-19T15:11:50","slug":"capsula-profesional-descafeinado","status":"publish","type":"product","link":"https:\/\/olcabcnserveis.com\/ca\/capsula-profesional-descafeinado\/","title":{"rendered":"C\u00c1PSULA PROFESIONAL DESCAFEINADO"},"content":{"rendered":"<p>Todo el sabor y aroma de Caf\u00e9 Crem Descafeinado en grano en formato c\u00e1psula profesional Espresso Pro. Con una gran practicidad dentro de la hosteler\u00eda.<br \/>\nFormato:\u00a0C\u00e1psulasPresentaci\u00f3n:\u00a0Caja de 100 unidades<\/p>\n","protected":false},"excerpt":{"rendered":"<p>Todo el sabor y aroma de Caf\u00e9 Crem Descafeinado en grano en formato c\u00e1psula profesional Espresso Pro. Con una gran practicidad dentro de la hosteler\u00eda. Formato:\u00a0C\u00e1psulasPresentaci\u00f3n:\u00a0Caja de 100 unidades<\/p>\n","protected":false},"featured_media":15010,"template":"","meta":{"give_campaign_id":0},"product_brand":[],"product_cat":[149,148],"product_tag":[145],"class_list":{"0":"post-15381","1":"product","2":"type-product","3":"status-publish","4":"has-post-thumbnail","6":"product_cat-capsulas-ca","7":"product_cat-cafes-ca-2","8":"product_tag-no-compatible-con-maquinas-nespresso-ca","9":"description-off","11":"first","12":"instock","13":"taxable","14":"shipping-taxable","15":"purchasable","16":"product-type-simple"},"_links":{"self":[{"href":"https:\/\/olcabcnserveis.com\/ca\/wp-json\/wp\/v2\/product\/15381","targetHints":{"allow":["GET"]}}],"collection":[{"href":"https:\/\/olcabcnserveis.com\/ca\/wp-json\/wp\/v2\/product"}],"about":[{"href":"https:\/\/olcabcnserveis.com\/ca\/wp-json\/wp\/v2\/types\/product"}],"wp:featuredmedia":[{"embeddable":true,"href":"https:\/\/olcabcnserveis.com\/ca\/wp-json\/wp\/v2\/media\/15010"}],"wp:attachment":[{"href":"https:\/\/olcabcnserveis.com\/ca\/wp-json\/wp\/v2\/media?parent=15381"}],"wp:term":[{"taxonomy":"product_brand","embeddable":true,"href":"https:\/\/olcabcnserveis.com\/ca\/wp-json\/wp\/v2\/product_brand?post=15381"},{"taxonomy":"product_cat","embeddable":true,"href":"https:\/\/olcabcnserveis.com\/ca\/wp-json\/wp\/v2\/product_cat?post=15381"},{"taxonomy":"product_tag","embeddable":true,"href":"https:\/\/olcabcnserveis.com\/ca\/wp-json\/wp\/v2\/product_tag?post=15381"}],"curies":[{"name":"wp","href":"https:\/\/api.w.org\/{rel}","templated":true}]}}